{"id":188,"date":"2025-04-18T16:12:58","date_gmt":"2025-04-18T14:12:58","guid":{"rendered":"https:\/\/unguidedtrips.com\/?page_id=188"},"modified":"2025-07-21T13:03:07","modified_gmt":"2025-07-21T11:03:07","slug":"bienvenue","status":"publish","type":"page","link":"https:\/\/unguidedtrips.com\/","title":{"rendered":"Bienvenue !"},"content":{"rendered":"\n<p><\/p>\n\n\n\n<p>Bonjour \u00e0 tous, <\/p>\n\n\n\n<p>nous sommes un couple de voyageur. Nous avons d\u00e9cid\u00e9 de cr\u00e9er ce blog pour deux raisons : <\/p>\n\n\n\n<ul class=\"wp-block-list\">\n<li>Mettre au propre des souvenirs personels<\/li>\n\n\n\n<li>Vous donner un maximum de ressentis et de conseils pour vos futurs voyages <\/li>\n<\/ul>\n\n\n\n<p class=\"has-large-font-size\"><strong>Liste des articles <\/strong><\/p>\n\n\n\n<p class=\"has-medium-font-size\"><strong>Oc\u00e9anie : <\/strong><\/p>\n\n\n\n<ul class=\"wp-block-list\">\n<li><a href=\"https:\/\/unguidedtrips.com\/index.php\/2025\/03\/12\/nager-avec-les-baleines-a-tonga\/\">Nager avec les baleines \u00e0 Tonga <\/a><\/li>\n<\/ul>\n\n\n\n<p class=\"has-medium-font-size\"><strong>Asie : <\/strong><\/p>\n\n\n\n<ul class=\"wp-block-list\">\n<li><a href=\"https:\/\/unguidedtrips.com\/index.php\/2025\/04\/18\/skier-en-afghanistan\/\" data-type=\"link\" data-id=\"https:\/\/unguidedtrips.com\/index.php\/2025\/04\/18\/skier-en-afghanistan\/\">Skier en Afghanistan<\/a><\/li>\n\n\n\n<li><a href=\"https:\/\/unguidedtrips.com\/index.php\/2025\/07\/21\/danser-dans-un-film-bollywoodien-a-mumbai\/\" data-type=\"link\" data-id=\"https:\/\/unguidedtrips.com\/index.php\/2025\/07\/21\/danser-dans-un-film-bollywoodien-a-mumbai\/\">Danser dans un film bollywoodien \u00e0 Mumbai<\/a><\/li>\n\n\n\n<li><a href=\"https:\/\/unguidedtrips.com\/index.php\/2025\/03\/12\/croisiere-dans-la-baie-dalong\/\">Croisi\u00e8re dans la baie d\u2019Along<\/a><\/li>\n<\/ul>\n\n\n\n<p class=\"has-medium-font-size\"><strong>Afrique : <\/strong><\/p>\n\n\n\n<ul class=\"wp-block-list\">\n<li><a href=\"https:\/\/unguidedtrips.com\/index.php\/2025\/04\/15\/survol-de-la-reunion-en-helicoptere\/\">Survol de la R\u00e9union en h\u00e9licopt\u00e8re<\/a><\/li>\n\n\n\n<li><a href=\"https:\/\/unguidedtrips.com\/index.php\/2025\/04\/10\/cote-ouest-de-lile-maurice\/\">C\u00f4te Ouest de l\u2019\u00eele Maurice, sans se ruiner<\/a><\/li>\n<\/ul>\n\n\n\n<p><\/p>\n","protected":false},"excerpt":{"rendered":"<p>Bonjour \u00e0 tous, nous sommes un couple de voyageur. Nous avons d\u00e9cid\u00e9 de cr\u00e9er ce blog pour deux raisons : Liste des articles Oc\u00e9anie : Asie : Afrique :<\/p>\n","protected":false},"author":1,"featured_media":17,"parent":0,"menu_order":0,"comment_status":"closed","ping_status":"closed","template":"","meta":{"footnotes":""},"class_list":["post-188","page","type-page","status-publish","has-post-thumbnail","hentry"],"_links":{"self":[{"href":"https:\/\/unguidedtrips.com\/index.php\/wp-json\/wp\/v2\/pages\/188","targetHints":{"allow":["GET"]}}],"collection":[{"href":"https:\/\/unguidedtrips.com\/index.php\/wp-json\/wp\/v2\/pages"}],"about":[{"href":"https:\/\/unguidedtrips.com\/index.php\/wp-json\/wp\/v2\/types\/page"}],"author":[{"embeddable":true,"href":"https:\/\/unguidedtrips.com\/index.php\/wp-json\/wp\/v2\/users\/1"}],"replies":[{"embeddable":true,"href":"https:\/\/unguidedtrips.com\/index.php\/wp-json\/wp\/v2\/comments?post=188"}],"version-history":[{"count":3,"href":"https:\/\/unguidedtrips.com\/index.php\/wp-json\/wp\/v2\/pages\/188\/revisions"}],"predecessor-version":[{"id":231,"href":"https:\/\/unguidedtrips.com\/index.php\/wp-json\/wp\/v2\/pages\/188\/revisions\/231"}],"wp:featuredmedia":[{"embeddable":true,"href":"https:\/\/unguidedtrips.com\/index.php\/wp-json\/wp\/v2\/media\/17"}],"wp:attachment":[{"href":"https:\/\/unguidedtrips.com\/index.php\/wp-json\/wp\/v2\/media?parent=188"}],"curies":[{"name":"wp","href":"https:\/\/api.w.org\/{rel}","templated":true}]}}